{"id":2745,"date":"2020-10-15T16:19:50","date_gmt":"2020-10-15T15:19:50","guid":{"rendered":"https:\/\/www.77apt.com\/seventy_seven_apartments_porque_77\/"},"modified":"2020-10-15T16:19:50","modified_gmt":"2020-10-15T15:19:50","slug":"seventy_seven_apartments_porque_77","status":"publish","type":"page","link":"https:\/\/www.77apt.com\/en\/seventy_seven_apartments_porque_77\/","title":{"rendered":"SEVENTY_SEVEN_Apartments_porque_77"},"content":{"rendered":"\t\t<div data-elementor-type=\"wp-page\" data-elementor-id=\"2745\" class=\"elementor elementor-2745 elementor-386\">\n\t\t\t\t\t\t<section class=\"elementor-section elementor-top-section elementor-element elementor-element-daadf2a elementor-section-boxed elementor-section-height-default elementor-section-height-default\" data-id=\"daadf2a\" data-element_type=\"section\">\n\t\t\t\t\t\t<div class=\"elementor-container elementor-column-gap-default\">\n\t\t\t\t\t<div class=\"elementor-column elementor-col-100 elementor-top-column elementor-element elementor-element-c60f290\" data-id=\"c60f290\" data-element_type=\"column\">\n\t\t\t<div class=\"elementor-widget-wrap elementor-element-populated\">\n\t\t\t\t\t\t<div class=\"elementor-element elementor-element-efba6cb elementor-widget elementor-widget-spacer\" data-id=\"efba6cb\" data-element_type=\"widget\" data-widget_type=\"spacer.default\">\n\t\t\t\t<div class=\"elementor-widget-container\">\n\t\t\t\t\t<div class=\"elementor-spacer\">\n\t\t\t<div class=\"elementor-spacer-inner\"><\/div>\n\t\t<\/div>\n\t\t\t\t<\/div>\n\t\t\t\t<\/div>\n\t\t\t\t<div class=\"elementor-element elementor-element-ae62c12 elementor-widget elementor-widget-spacer\" data-id=\"ae62c12\" data-element_type=\"widget\" data-widget_type=\"spacer.default\">\n\t\t\t\t<div class=\"elementor-widget-container\">\n\t\t\t\t\t<div class=\"elementor-spacer\">\n\t\t\t<div class=\"elementor-spacer-inner\"><\/div>\n\t\t<\/div>\n\t\t\t\t<\/div>\n\t\t\t\t<\/div>\n\t\t\t\t<div class=\"elementor-element elementor-element-38deb4a apart-class elementor-widget elementor-widget-text-editor\" data-id=\"38deb4a\" data-element_type=\"widget\" data-widget_type=\"text-editor.default\">\n\t\t\t\t<div class=\"elementor-widget-container\">\n\t\t\t\t\t\t\t<p>HISTORY OF MARQU\u00caS DO POMBAL SQUARE<br \/>\u00a0 \u00a0 \u00a0 \u00a0 \u00a0 \u00a0 \u00a0 \u00a0 \u00a0\u201cO LARGO DA \u00c1GUA ARDENTE\u201d<\/p>\n\t\t\t\t\t\t<\/div>\n\t\t\t\t<\/div>\n\t\t\t\t\t<\/div>\n\t\t<\/div>\n\t\t\t\t\t<\/div>\n\t\t<\/section>\n\t\t\t\t<section class=\"elementor-section elementor-top-section elementor-element elementor-element-2fa099e elementor-section-full_width elementor-section-height-default elementor-section-height-default\" data-id=\"2fa099e\" data-element_type=\"section\">\n\t\t\t\t\t\t<div class=\"elementor-container elementor-column-gap-default\">\n\t\t\t\t\t<div class=\"elementor-column elementor-col-100 elementor-top-column elementor-element elementor-element-bf60647\" data-id=\"bf60647\" data-element_type=\"column\">\n\t\t\t<div class=\"elementor-widget-wrap elementor-element-populated\">\n\t\t\t\t\t\t<div class=\"elementor-element elementor-element-8341b99 elementor-widget elementor-widget-image\" data-id=\"8341b99\" data-element_type=\"widget\" data-widget_type=\"image.default\">\n\t\t\t\t<div class=\"elementor-widget-container\">\n\t\t\t\t\t\t\t\t\t\t\t\t\t<img decoding=\"async\" src=\"https:\/\/www.77apt.com\/wp-content\/uploads\/elementor\/thumbs\/77apartments-divisoria4-oj9no76au7roarrzqr94sr5jyo35gr3ias19737jfw.png\" title=\"77apartments-divisoria4\" alt=\"77apartments-divisoria4\" loading=\"lazy\" \/>\t\t\t\t\t\t\t\t\t\t\t\t\t<\/div>\n\t\t\t\t<\/div>\n\t\t\t\t\t<\/div>\n\t\t<\/div>\n\t\t\t\t\t<\/div>\n\t\t<\/section>\n\t\t\t\t<section class=\"elementor-section elementor-top-section elementor-element elementor-element-ec1dc5d elementor-section-boxed elementor-section-height-default elementor-section-height-default\" data-id=\"ec1dc5d\" data-element_type=\"section\">\n\t\t\t\t\t\t<div class=\"elementor-container elementor-column-gap-default\">\n\t\t\t\t\t<div class=\"elementor-column elementor-col-50 elementor-top-column elementor-element elementor-element-ea1bbaf\" data-id=\"ea1bbaf\" data-element_type=\"column\">\n\t\t\t<div class=\"elementor-widget-wrap elementor-element-populated\">\n\t\t\t\t\t\t<div class=\"elementor-element elementor-element-e9c9bcd elementor-widget elementor-widget-image\" data-id=\"e9c9bcd\" data-element_type=\"widget\" data-widget_type=\"image.default\">\n\t\t\t\t<div class=\"elementor-widget-container\">\n\t\t\t\t\t\t\t\t\t\t\t\t\t<img fetchpriority=\"high\" decoding=\"async\" width=\"614\" height=\"461\" src=\"https:\/\/www.77apt.com\/wp-content\/uploads\/2019\/12\/77apartments-marques.png\" class=\"attachment-large size-large wp-image-440\" alt=\"\" srcset=\"https:\/\/www.77apt.com\/wp-content\/uploads\/2019\/12\/77apartments-marques.png 614w, https:\/\/www.77apt.com\/wp-content\/uploads\/2019\/12\/77apartments-marques-300x225.png 300w\" sizes=\"(max-width: 614px) 100vw, 614px\" \/>\t\t\t\t\t\t\t\t\t\t\t\t\t<\/div>\n\t\t\t\t<\/div>\n\t\t\t\t\t<\/div>\n\t\t<\/div>\n\t\t\t\t<div class=\"elementor-column elementor-col-50 elementor-top-column elementor-element elementor-element-0bbb7c1\" data-id=\"0bbb7c1\" data-element_type=\"column\">\n\t\t\t<div class=\"elementor-widget-wrap elementor-element-populated\">\n\t\t\t\t\t\t<div class=\"elementor-element elementor-element-cd4705a elementor-widget elementor-widget-text-editor\" data-id=\"cd4705a\" data-element_type=\"widget\" data-widget_type=\"text-editor.default\">\n\t\t\t\t<div class=\"elementor-widget-container\">\n\t\t\t\t\t\t\t<p><strong>Where is\u2026<\/strong><\/p>\n\t\t\t\t\t\t<\/div>\n\t\t\t\t<\/div>\n\t\t\t\t<div class=\"elementor-element elementor-element-12c3cf4 elementor-widget elementor-widget-text-editor\" data-id=\"12c3cf4\" data-element_type=\"widget\" data-widget_type=\"text-editor.default\">\n\t\t\t\t<div class=\"elementor-widget-container\">\n\t\t\t\t\t\t\t<p>Marqu\u00eas de Pombal Square is located at the confluence of the parishes of Santo Ildefonso, Bonfim and Paranhos, in the city of Porto. The square includes a romantic garden, two specific places for games and a gazebo. It is densely wooded and much sought after on hot days.<\/p>\n\t\t\t\t\t\t<\/div>\n\t\t\t\t<\/div>\n\t\t\t\t\t<\/div>\n\t\t<\/div>\n\t\t\t\t\t<\/div>\n\t\t<\/section>\n\t\t\t\t<section class=\"elementor-section elementor-top-section elementor-element elementor-element-db9bdef elementor-section-boxed elementor-section-height-default elementor-section-height-default\" data-id=\"db9bdef\" data-element_type=\"section\">\n\t\t\t\t\t\t<div class=\"elementor-container elementor-column-gap-default\">\n\t\t\t\t\t<div class=\"elementor-column elementor-col-100 elementor-top-column elementor-element elementor-element-fe842e0\" data-id=\"fe842e0\" data-element_type=\"column\">\n\t\t\t<div class=\"elementor-widget-wrap elementor-element-populated\">\n\t\t\t\t\t\t<div class=\"elementor-element elementor-element-0db4e28 elementor-widget elementor-widget-image\" data-id=\"0db4e28\" data-element_type=\"widget\" data-widget_type=\"image.default\">\n\t\t\t\t<div class=\"elementor-widget-container\">\n\t\t\t\t\t\t\t\t\t\t\t\t\t<img decoding=\"async\" src=\"https:\/\/www.77apt.com\/wp-content\/uploads\/elementor\/thumbs\/77apartments-divisoria4-oj9no76au7roarrzqr94sr5jyo35gr3ias19737jfw.png\" title=\"77apartments-divisoria4\" alt=\"77apartments-divisoria4\" loading=\"lazy\" \/>\t\t\t\t\t\t\t\t\t\t\t\t\t<\/div>\n\t\t\t\t<\/div>\n\t\t\t\t\t<\/div>\n\t\t<\/div>\n\t\t\t\t\t<\/div>\n\t\t<\/section>\n\t\t\t\t<section class=\"elementor-section elementor-top-section elementor-element elementor-element-facc5ef elementor-section-boxed elementor-section-height-default elementor-section-height-default\" data-id=\"facc5ef\" data-element_type=\"section\">\n\t\t\t\t\t\t<div class=\"elementor-container elementor-column-gap-default\">\n\t\t\t\t\t<div class=\"elementor-column elementor-col-50 elementor-top-column elementor-element elementor-element-bcfbcff\" data-id=\"bcfbcff\" data-element_type=\"column\">\n\t\t\t<div class=\"elementor-widget-wrap elementor-element-populated\">\n\t\t\t\t\t\t<div class=\"elementor-element elementor-element-4cf31a7 elementor-widget elementor-widget-image\" data-id=\"4cf31a7\" data-element_type=\"widget\" data-widget_type=\"image.default\">\n\t\t\t\t<div class=\"elementor-widget-container\">\n\t\t\t\t\t\t\t\t\t\t\t\t\t<img decoding=\"async\" width=\"750\" height=\"526\" src=\"https:\/\/www.77apt.com\/wp-content\/uploads\/2019\/12\/Carta_topografica_das_Linhas_do_Porto.jpg\" class=\"attachment-large size-large wp-image-505\" alt=\"\" srcset=\"https:\/\/www.77apt.com\/wp-content\/uploads\/2019\/12\/Carta_topografica_das_Linhas_do_Porto.jpg 1024w, https:\/\/www.77apt.com\/wp-content\/uploads\/2019\/12\/Carta_topografica_das_Linhas_do_Porto-300x210.jpg 300w, https:\/\/www.77apt.com\/wp-content\/uploads\/2019\/12\/Carta_topografica_das_Linhas_do_Porto-768x539.jpg 768w\" sizes=\"(max-width: 750px) 100vw, 750px\" \/>\t\t\t\t\t\t\t\t\t\t\t\t\t<\/div>\n\t\t\t\t<\/div>\n\t\t\t\t\t<\/div>\n\t\t<\/div>\n\t\t\t\t<div class=\"elementor-column elementor-col-50 elementor-top-column elementor-element elementor-element-7556f5f\" data-id=\"7556f5f\" data-element_type=\"column\">\n\t\t\t<div class=\"elementor-widget-wrap elementor-element-populated\">\n\t\t\t\t\t\t<div class=\"elementor-element elementor-element-d2ce9c4 elementor-widget elementor-widget-text-editor\" data-id=\"d2ce9c4\" data-element_type=\"widget\" data-widget_type=\"text-editor.default\">\n\t\t\t\t<div class=\"elementor-widget-container\">\n\t\t\t\t\t\t\t<p><strong>History of the Square<\/strong><\/p>\n\t\t\t\t\t\t<\/div>\n\t\t\t\t<\/div>\n\t\t\t\t<div class=\"elementor-element elementor-element-91a198a elementor-widget elementor-widget-text-editor\" data-id=\"91a198a\" data-element_type=\"widget\" data-widget_type=\"text-editor.default\">\n\t\t\t\t<div class=\"elementor-widget-container\">\n\t\t\t\t\t\t\t<p>\u00a0This square was part of a farm located on the northern edge of the old Porto urban area and was an important location for the city\u2019s defense lines\u00a0played an important role both during the French invasion and during the Siege of Porto in 1832.<\/p>\n<p>The siege of the port took place between July 1832 and August 1833 as a result of the civil war in Portugal. D. Pedro\u2019s Liberals were surrounded in the city of Porto by D. Miguel\u2019s absolutist forces and thanks to their heroic resistance the liberal cause won its victory.\u00a0Due to these events people began to flow in large numbers to this place, thus making it necessary to transform this space into a definitely public and open space.<\/p>\n<p>&nbsp;<\/p>\n\t\t\t\t\t\t<\/div>\n\t\t\t\t<\/div>\n\t\t\t\t\t<\/div>\n\t\t<\/div>\n\t\t\t\t\t<\/div>\n\t\t<\/section>\n\t\t\t\t<section class=\"elementor-section elementor-top-section elementor-element elementor-element-6144960 elementor-section-boxed elementor-section-height-default elementor-section-height-default\" data-id=\"6144960\" data-element_type=\"section\">\n\t\t\t\t\t\t<div class=\"elementor-container elementor-column-gap-default\">\n\t\t\t\t\t<div class=\"elementor-column elementor-col-100 elementor-top-column elementor-element elementor-element-dd2dbb6\" data-id=\"dd2dbb6\" data-element_type=\"column\">\n\t\t\t<div class=\"elementor-widget-wrap elementor-element-populated\">\n\t\t\t\t\t\t<div class=\"elementor-element elementor-element-c5a2785 elementor-widget elementor-widget-image\" data-id=\"c5a2785\" data-element_type=\"widget\" data-widget_type=\"image.default\">\n\t\t\t\t<div class=\"elementor-widget-container\">\n\t\t\t\t\t\t\t\t\t\t\t\t\t<img decoding=\"async\" src=\"https:\/\/www.77apt.com\/wp-content\/uploads\/elementor\/thumbs\/77apartments-divisoria4-oj9no76au7roarrzqr94sr5jyo35gr3ias19737jfw.png\" title=\"77apartments-divisoria4\" alt=\"77apartments-divisoria4\" loading=\"lazy\" \/>\t\t\t\t\t\t\t\t\t\t\t\t\t<\/div>\n\t\t\t\t<\/div>\n\t\t\t\t\t<\/div>\n\t\t<\/div>\n\t\t\t\t\t<\/div>\n\t\t<\/section>\n\t\t\t\t<section class=\"elementor-section elementor-top-section elementor-element elementor-element-cfab211 elementor-section-boxed elementor-section-height-default elementor-section-height-default\" data-id=\"cfab211\" data-element_type=\"section\">\n\t\t\t\t\t\t<div class=\"elementor-container elementor-column-gap-default\">\n\t\t\t\t\t<div class=\"elementor-column elementor-col-50 elementor-top-column elementor-element elementor-element-91e2b2e\" data-id=\"91e2b2e\" data-element_type=\"column\">\n\t\t\t<div class=\"elementor-widget-wrap elementor-element-populated\">\n\t\t\t\t\t\t<div class=\"elementor-element elementor-element-2668c74 elementor-widget elementor-widget-image\" data-id=\"2668c74\" data-element_type=\"widget\" data-widget_type=\"image.default\">\n\t\t\t\t<div class=\"elementor-widget-container\">\n\t\t\t\t\t\t\t\t\t\t\t\t\t<img decoding=\"async\" width=\"750\" height=\"526\" src=\"https:\/\/www.77apt.com\/wp-content\/uploads\/2019\/12\/77Apartments_largodaaguardente-1024x718.png\" class=\"attachment-large size-large wp-image-459\" alt=\"\" srcset=\"https:\/\/www.77apt.com\/wp-content\/uploads\/2019\/12\/77Apartments_largodaaguardente-1024x718.png 1024w, https:\/\/www.77apt.com\/wp-content\/uploads\/2019\/12\/77Apartments_largodaaguardente-300x210.png 300w, https:\/\/www.77apt.com\/wp-content\/uploads\/2019\/12\/77Apartments_largodaaguardente-768x539.png 768w, https:\/\/www.77apt.com\/wp-content\/uploads\/2019\/12\/77Apartments_largodaaguardente.png 1280w\" sizes=\"(max-width: 750px) 100vw, 750px\" \/>\t\t\t\t\t\t\t\t\t\t\t\t\t<\/div>\n\t\t\t\t<\/div>\n\t\t\t\t\t<\/div>\n\t\t<\/div>\n\t\t\t\t<div class=\"elementor-column elementor-col-50 elementor-top-column elementor-element elementor-element-10a80c9\" data-id=\"10a80c9\" data-element_type=\"column\">\n\t\t\t<div class=\"elementor-widget-wrap elementor-element-populated\">\n\t\t\t\t\t\t<div class=\"elementor-element elementor-element-cf60a05 elementor-widget elementor-widget-text-editor\" data-id=\"cf60a05\" data-element_type=\"widget\" data-widget_type=\"text-editor.default\">\n\t\t\t\t<div class=\"elementor-widget-container\">\n\t\t\t\t\t\t\t<p><strong>Why the name \u201cLargo da aguardente\u201d (Spirit water Square)?<\/strong><\/p>\n\t\t\t\t\t\t<\/div>\n\t\t\t\t<\/div>\n\t\t\t\t<div class=\"elementor-element elementor-element-aaf76f3 elementor-widget elementor-widget-text-editor\" data-id=\"aaf76f3\" data-element_type=\"widget\" data-widget_type=\"text-editor.default\">\n\t\t\t\t<div class=\"elementor-widget-container\">\n\t\t\t\t\t\t\t<p>In 1837 the place was named \u201cLargo de Aguardente\u201d, since the Aguardente Market was held here.<\/p>\n<p>The \u201cLargo da Aguardente\u201d, as it was a frontier location of the city, was also where taxes were levied on all goods entering the city.<\/p>\n<p>In 1850 The \u201cLargo do Aguardente\u201d already had the current configuration. In 1870 a bullring was erected on the site, as well as on Avenida da Boavista. However, the people of Porto showed no great interest in this tradition, finding it inhuman and cruel. So both disappeared in five years due to the poor revenues and bankruptcy of the companies that ran them.<\/p>\n<p>the present name of the square \u2013 Marqu\u00eas do Pombal Square \u2013 was attributed to him in 1882, in honor of Sebasti\u00e3o Jos\u00e9 de Carvalho e Melo, Marquis of Pombal and Minister during the reign of D. Jos\u00e9 I. Marqu\u00eas de Pombal was in the history of Portugal for several reasons, the main one being the reconstruction of Lisbon after the 1755 earthquake.<\/p>\n\t\t\t\t\t\t<\/div>\n\t\t\t\t<\/div>\n\t\t\t\t\t<\/div>\n\t\t<\/div>\n\t\t\t\t\t<\/div>\n\t\t<\/section>\n\t\t\t\t<section class=\"elementor-section elementor-top-section elementor-element elementor-element-f768be0 elementor-section-boxed elementor-section-height-default elementor-section-height-default\" data-id=\"f768be0\" data-element_type=\"section\">\n\t\t\t\t\t\t<div class=\"elementor-container elementor-column-gap-default\">\n\t\t\t\t\t<div class=\"elementor-column elementor-col-100 elementor-top-column elementor-element elementor-element-590bc2d\" data-id=\"590bc2d\" data-element_type=\"column\">\n\t\t\t<div class=\"elementor-widget-wrap elementor-element-populated\">\n\t\t\t\t\t\t<div class=\"elementor-element elementor-element-819ec84 elementor-widget elementor-widget-image\" data-id=\"819ec84\" data-element_type=\"widget\" data-widget_type=\"image.default\">\n\t\t\t\t<div class=\"elementor-widget-container\">\n\t\t\t\t\t\t\t\t\t\t\t\t\t<img decoding=\"async\" src=\"https:\/\/www.77apt.com\/wp-content\/uploads\/elementor\/thumbs\/77apartments-divisoria4-oj9no76au7roarrzqr94sr5jyo35gr3ias19737jfw.png\" title=\"77apartments-divisoria4\" alt=\"77apartments-divisoria4\" loading=\"lazy\" \/>\t\t\t\t\t\t\t\t\t\t\t\t\t<\/div>\n\t\t\t\t<\/div>\n\t\t\t\t\t<\/div>\n\t\t<\/div>\n\t\t\t\t\t<\/div>\n\t\t<\/section>\n\t\t\t\t<section class=\"elementor-section elementor-top-section elementor-element elementor-element-803036b elementor-section-boxed elementor-section-height-default elementor-section-height-default\" data-id=\"803036b\" data-element_type=\"section\">\n\t\t\t\t\t\t<div class=\"elementor-container elementor-column-gap-default\">\n\t\t\t\t\t<div class=\"elementor-column elementor-col-50 elementor-top-column elementor-element elementor-element-a6fdb14\" data-id=\"a6fdb14\" data-element_type=\"column\">\n\t\t\t<div class=\"elementor-widget-wrap elementor-element-populated\">\n\t\t\t\t\t\t<div class=\"elementor-element elementor-element-33c2266 elementor-widget elementor-widget-image\" data-id=\"33c2266\" data-element_type=\"widget\" data-widget_type=\"image.default\">\n\t\t\t\t<div class=\"elementor-widget-container\">\n\t\t\t\t\t\t\t\t\t\t\t\t\t<img loading=\"lazy\" decoding=\"async\" width=\"750\" height=\"489\" src=\"https:\/\/www.77apt.com\/wp-content\/uploads\/2019\/12\/Pra\u00e7a-Marqu\u00eas-de-Pombal-no-Porto.png\" class=\"attachment-large size-large wp-image-452\" alt=\"\" srcset=\"https:\/\/www.77apt.com\/wp-content\/uploads\/2019\/12\/Pra\u00e7a-Marqu\u00eas-de-Pombal-no-Porto.png 800w, https:\/\/www.77apt.com\/wp-content\/uploads\/2019\/12\/Pra\u00e7a-Marqu\u00eas-de-Pombal-no-Porto-300x196.png 300w, https:\/\/www.77apt.com\/wp-content\/uploads\/2019\/12\/Pra\u00e7a-Marqu\u00eas-de-Pombal-no-Porto-768x501.png 768w\" sizes=\"(max-width: 750px) 100vw, 750px\" \/>\t\t\t\t\t\t\t\t\t\t\t\t\t<\/div>\n\t\t\t\t<\/div>\n\t\t\t\t\t<\/div>\n\t\t<\/div>\n\t\t\t\t<div class=\"elementor-column elementor-col-50 elementor-top-column elementor-element elementor-element-dce2e7f\" data-id=\"dce2e7f\" data-element_type=\"column\">\n\t\t\t<div class=\"elementor-widget-wrap elementor-element-populated\">\n\t\t\t\t\t\t<div class=\"elementor-element elementor-element-6679cf0 elementor-widget elementor-widget-text-editor\" data-id=\"6679cf0\" data-element_type=\"widget\" data-widget_type=\"text-editor.default\">\n\t\t\t\t<div class=\"elementor-widget-container\">\n\t\t\t\t\t\t\t<p><strong>Why the name change from \u201clargo da Aguardente\u201d para \u201cPra\u00e7a Marqu\u00eas do Pombal\u201d?<\/strong><\/p>\n\t\t\t\t\t\t<\/div>\n\t\t\t\t<\/div>\n\t\t\t\t<div class=\"elementor-element elementor-element-1964f4c elementor-widget elementor-widget-text-editor\" data-id=\"1964f4c\" data-element_type=\"widget\" data-widget_type=\"text-editor.default\">\n\t\t\t\t<div class=\"elementor-widget-container\">\n\t\t\t\t\t\t\t<p>In 1898 the square was completely landscaped making it a large public garden and a place of worship for the influential people of the city. The Bandstand that still exists in this square, was built thanks to donations made by citizens, where began to give big balls, parties and camps.<\/p>\n<p>In 1938, according to the drawing of the French architect Friar Paul Bellot, the construction of the Immaculate Conception Church began on the west side of the square.<\/p>\n<p>After the construction of the Marqu\u00eas Station on the Porto Metro Line \u201cD\u201d, the \u201cConfidente Fountain\u201d was placed in the square, a source removed from D. Jo\u00e3o I Square in the context of the urban requalification of Porto 2001 \u2013 European Capital of Culture. Among the inhabitants of the area stands out the architect Marques da Silva, whose studio is in the square, and today is part of the Architect Institute Jos\u00e9 Marques da Silva.<\/p>\n\t\t\t\t\t\t<\/div>\n\t\t\t\t<\/div>\n\t\t\t\t\t<\/div>\n\t\t<\/div>\n\t\t\t\t\t<\/div>\n\t\t<\/section>\n\t\t\t\t<section class=\"elementor-section elementor-top-section elementor-element elementor-element-a648628 elementor-section-full_width elementor-section-height-default elementor-section-height-default\" data-id=\"a648628\" data-element_type=\"section\">\n\t\t\t\t\t\t<div class=\"elementor-container elementor-column-gap-default\">\n\t\t\t\t\t<div class=\"elementor-column elementor-col-100 elementor-top-column elementor-element elementor-element-822f95e\" data-id=\"822f95e\" data-element_type=\"column\">\n\t\t\t<div class=\"elementor-widget-wrap elementor-element-populated\">\n\t\t\t\t\t\t<div class=\"elementor-element elementor-element-f4303c6 elementor-widget elementor-widget-image\" data-id=\"f4303c6\" data-element_type=\"widget\" data-widget_type=\"image.default\">\n\t\t\t\t<div class=\"elementor-widget-container\">\n\t\t\t\t\t\t\t\t\t\t\t\t\t<img decoding=\"async\" src=\"https:\/\/www.77apt.com\/wp-content\/uploads\/elementor\/thumbs\/77apartments-divisoria4-oj9no76au7roarrzqr94sr5jyo35gr3ias19737jfw.png\" title=\"77apartments-divisoria4\" alt=\"77apartments-divisoria4\" loading=\"lazy\" \/>\t\t\t\t\t\t\t\t\t\t\t\t\t<\/div>\n\t\t\t\t<\/div>\n\t\t\t\t\t<\/div>\n\t\t<\/div>\n\t\t\t\t\t<\/div>\n\t\t<\/section>\n\t\t\t\t<section class=\"elementor-section elementor-top-section elementor-element elementor-element-4c9864a elementor-section-boxed elementor-section-height-default elementor-section-height-default\" data-id=\"4c9864a\" data-element_type=\"section\">\n\t\t\t\t\t\t<div class=\"elementor-container elementor-column-gap-default\">\n\t\t\t\t\t<div class=\"elementor-column elementor-col-100 elementor-top-column elementor-element elementor-element-6134d56\" data-id=\"6134d56\" data-element_type=\"column\">\n\t\t\t<div class=\"elementor-widget-wrap elementor-element-populated\">\n\t\t\t\t\t\t<div class=\"elementor-element elementor-element-6301b09 elementor-widget elementor-widget-spacer\" data-id=\"6301b09\" data-element_type=\"widget\" data-widget_type=\"spacer.default\">\n\t\t\t\t<div class=\"elementor-widget-container\">\n\t\t\t\t\t<div class=\"elementor-spacer\">\n\t\t\t<div class=\"elementor-spacer-inner\"><\/div>\n\t\t<\/div>\n\t\t\t\t<\/div>\n\t\t\t\t<\/div>\n\t\t\t\t\t<\/div>\n\t\t<\/div>\n\t\t\t\t\t<\/div>\n\t\t<\/section>\n\t\t\t\t<\/div>\n\t\t","protected":false},"excerpt":{"rendered":"<p>HISTORY OF MARQU\u00caS DO POMBAL SQUARE\u00a0 \u00a0 \u00a0 \u00a0 \u00a0 \u00a0 \u00a0 \u00a0 \u00a0\u201cO LARGO DA \u00c1GUA ARDENTE\u201d Where is\u2026 Marqu\u00eas de Pombal Square is located at the confluence of the parishes of Santo Ildefonso, Bonfim and Paranhos, in the city of Porto. The square includes a romantic garden, two [&hellip;]<\/p>\n","protected":false},"author":1,"featured_media":0,"parent":0,"menu_order":0,"comment_status":"closed","ping_status":"closed","template":"page-templates\/template-pagebuilder-full-width.php","meta":[],"aioseo_notices":[],"_links":{"self":[{"href":"https:\/\/www.77apt.com\/en\/wp-json\/wp\/v2\/pages\/2745"}],"collection":[{"href":"https:\/\/www.77apt.com\/en\/wp-json\/wp\/v2\/pages"}],"about":[{"href":"https:\/\/www.77apt.com\/en\/wp-json\/wp\/v2\/types\/page"}],"author":[{"embeddable":true,"href":"https:\/\/www.77apt.com\/en\/wp-json\/wp\/v2\/users\/1"}],"replies":[{"embeddable":true,"href":"https:\/\/www.77apt.com\/en\/wp-json\/wp\/v2\/comments?post=2745"}],"version-history":[{"count":1,"href":"https:\/\/www.77apt.com\/en\/wp-json\/wp\/v2\/pages\/2745\/revisions"}],"predecessor-version":[{"id":2746,"href":"https:\/\/www.77apt.com\/en\/wp-json\/wp\/v2\/pages\/2745\/revisions\/2746"}],"wp:attachment":[{"href":"https:\/\/www.77apt.com\/en\/wp-json\/wp\/v2\/media?parent=2745"}],"curies":[{"name":"wp","href":"https:\/\/api.w.org\/{rel}","templated":true}]}}